{"id":16,"date":"2023-10-17T10:56:44","date_gmt":"2023-10-17T10:56:44","guid":{"rendered":"https:\/\/web4.rkinformatika.net\/embalajeschaver\/?page_id=16"},"modified":"2023-10-24T11:16:07","modified_gmt":"2023-10-24T11:16:07","slug":"servicios","status":"publish","type":"page","link":"https:\/\/embalajeschaver.com\/eu\/servicios\/","title":{"rendered":"Zerbitzuak"},"content":{"rendered":"<div data-elementor-type=\"wp-page\" data-elementor-id=\"16\" class=\"elementor elementor-16\" data-elementor-post-type=\"page\">\n\t\t\t\t\t\t<section class=\"elementor-section elementor-top-section elementor-element elementor-element-0377472 elementor-section-boxed elementor-section-height-default elementor-section-height-default\" data-id=\"0377472\" data-element_type=\"section\" data-e-type=\"section\" data-settings=\"{&quot;background_background&quot;:&quot;classic&quot;}\">\n\t\t\t\t\t\t\t<div class=\"elementor-background-overlay\"><\/div>\n\t\t\t\t\t\t\t<div class=\"elementor-container elementor-column-gap-default\">\n\t\t\t\t\t<div class=\"elementor-column elementor-col-100 elementor-top-column elementor-element elementor-element-66124cf\" data-id=\"66124cf\" data-element_type=\"column\" data-e-type=\"column\">\n\t\t\t<div class=\"elementor-widget-wrap elementor-element-populated\">\n\t\t\t\t\t\t<div class=\"elementor-element elementor-element-fbe0bf8 elementor-widget__width-auto elementor-absolute elementor-hidden-tablet elementor-hidden-mobile elementor-widget elementor-widget-heading\" data-id=\"fbe0bf8\" data-element_type=\"widget\" data-e-type=\"widget\" data-settings=\"{&quot;_position&quot;:&quot;absolute&quot;}\" data-widget_type=\"heading.default\">\n\t\t\t\t<div class=\"elementor-widget-container\">\n\t\t\t\t\t<h2 class=\"elementor-heading-title elementor-size-default\">CHAVER<\/h2>\t\t\t\t<\/div>\n\t\t\t\t<\/div>\n\t\t\t\t\t<\/div>\n\t\t<\/div>\n\t\t\t\t\t<\/div>\n\t\t<\/section>\n\t\t<div class=\"elementor-element elementor-element-69599f5 e-flex e-con-boxed e-con e-parent\" data-id=\"69599f5\" data-element_type=\"container\" data-e-type=\"container\">\n\t\t\t\t\t<div class=\"e-con-inner\">\n\t\t\t\t<div class=\"elementor-element elementor-element-29a4ee6 elementor-widget elementor-widget-heading\" data-id=\"29a4ee6\" data-element_type=\"widget\" data-e-type=\"widget\" data-widget_type=\"heading.default\">\n\t\t\t\t<div class=\"elementor-widget-container\">\n\t\t\t\t\t<h2 class=\"elementor-heading-title elementor-size-default\">NUESTROS SERVICIOS<\/h2>\t\t\t\t<\/div>\n\t\t\t\t<\/div>\n\t\t\t\t\t<\/div>\n\t\t\t\t<\/div>\n\t\t<div class=\"elementor-element elementor-element-dad9960 e-flex e-con-boxed e-con e-parent\" data-id=\"dad9960\" data-element_type=\"container\" data-e-type=\"container\">\n\t\t\t\t\t<div class=\"e-con-inner\">\n\t\t<div class=\"elementor-element elementor-element-6f86c30 e-con-full e-flex e-con e-child\" data-id=\"6f86c30\" data-element_type=\"container\" data-e-type=\"container\">\n\t\t\t\t<div class=\"elementor-element elementor-element-961769f elementor-widget elementor-widget-heading\" data-id=\"961769f\" data-element_type=\"widget\" data-e-type=\"widget\" data-widget_type=\"heading.default\">\n\t\t\t\t<div class=\"elementor-widget-container\">\n\t\t\t\t\t<h2 class=\"elementor-heading-title elementor-size-default\">Reparaci\u00f3n de embalajes<\/h2>\t\t\t\t<\/div>\n\t\t\t\t<\/div>\n\t\t\t\t<div class=\"elementor-element elementor-element-7c99479 elementor-widget elementor-widget-text-editor\" data-id=\"7c99479\" data-element_type=\"widget\" data-e-type=\"widget\" data-widget_type=\"text-editor.default\">\n\t\t\t\t<div class=\"elementor-widget-container\">\n\t\t\t\t\t\t\t\t\t<p>La reparaci\u00f3n de los embalajes puede ahorrar a la empresa tiempo y dinero al no tener que reemplazarlos constantemente. La reparaci\u00f3n generalmente implica el reemplazo de piezas da\u00f1adas o rotas, el refuerzo de las \u00e1reas d\u00e9biles y el sellado de rajaduras o grietas.<\/p>\t\t\t\t\t\t\t\t<\/div>\n\t\t\t\t<\/div>\n\t\t\t\t<\/div>\n\t\t<div class=\"elementor-element elementor-element-2a171c7 e-con-full e-flex e-con e-child\" data-id=\"2a171c7\" data-element_type=\"container\" data-e-type=\"container\">\n\t\t\t\t<div class=\"elementor-element elementor-element-ee9c617 elementor-widget elementor-widget-image\" data-id=\"ee9c617\" data-element_type=\"widget\" data-e-type=\"widget\" data-widget_type=\"image.default\">\n\t\t\t\t<div class=\"elementor-widget-container\">\n\t\t\t\t\t\t\t\t\t\t\t\t\t\t\t<img fetchpriority=\"high\" decoding=\"async\" width=\"800\" height=\"534\" src=\"https:\/\/embalajeschaver.com\/wp-content\/uploads\/2023\/10\/woman-reparing-with-a-dog-in-the-workshop-1024x683.jpg\" class=\"attachment-large size-large wp-image-125\" alt=\"Woman reparing with a dog in the workshop\" srcset=\"https:\/\/embalajeschaver.com\/wp-content\/uploads\/2023\/10\/woman-reparing-with-a-dog-in-the-workshop-1024x683.jpg 1024w, https:\/\/embalajeschaver.com\/wp-content\/uploads\/2023\/10\/woman-reparing-with-a-dog-in-the-workshop-300x200.jpg 300w, https:\/\/embalajeschaver.com\/wp-content\/uploads\/2023\/10\/woman-reparing-with-a-dog-in-the-workshop-768x512.jpg 768w, https:\/\/embalajeschaver.com\/wp-content\/uploads\/2023\/10\/woman-reparing-with-a-dog-in-the-workshop-1536x1025.jpg 1536w, https:\/\/embalajeschaver.com\/wp-content\/uploads\/2023\/10\/woman-reparing-with-a-dog-in-the-workshop-2048x1366.jpg 2048w, https:\/\/embalajeschaver.com\/wp-content\/uploads\/2023\/10\/woman-reparing-with-a-dog-in-the-workshop-18x12.jpg 18w\" sizes=\"(max-width: 800px) 100vw, 800px\" \/>\t\t\t\t\t\t\t\t\t\t\t\t\t\t\t<\/div>\n\t\t\t\t<\/div>\n\t\t\t\t<\/div>\n\t\t\t\t\t<\/div>\n\t\t\t\t<\/div>\n\t\t<div class=\"elementor-element elementor-element-880a92e e-flex e-con-boxed e-con e-parent\" data-id=\"880a92e\" data-element_type=\"container\" data-e-type=\"container\">\n\t\t\t\t\t<div class=\"e-con-inner\">\n\t\t<div class=\"elementor-element elementor-element-a953674 e-con-full e-flex e-con e-child\" data-id=\"a953674\" data-element_type=\"container\" data-e-type=\"container\">\n\t\t\t\t<div class=\"elementor-element elementor-element-db8871f elementor-widget elementor-widget-heading\" data-id=\"db8871f\" data-element_type=\"widget\" data-e-type=\"widget\" data-widget_type=\"heading.default\">\n\t\t\t\t<div class=\"elementor-widget-container\">\n\t\t\t\t\t<h2 class=\"elementor-heading-title elementor-size-default\">Recuperaci\u00f3n de embalajes<\/h2>\t\t\t\t<\/div>\n\t\t\t\t<\/div>\n\t\t\t\t<div class=\"elementor-element elementor-element-ff14d7a elementor-widget elementor-widget-text-editor\" data-id=\"ff14d7a\" data-element_type=\"widget\" data-e-type=\"widget\" data-widget_type=\"text-editor.default\">\n\t\t\t\t<div class=\"elementor-widget-container\">\n\t\t\t\t\t\t\t\t\t<p>La recuperaci\u00f3n de embalajes es un paso importante hacia la construcci\u00f3n de una sociedad m\u00e1s sostenible, en la que se aprovecha al m\u00e1ximo los recursos y se reduce el impacto ambiental.<\/p>\t\t\t\t\t\t\t\t<\/div>\n\t\t\t\t<\/div>\n\t\t\t\t<\/div>\n\t\t<div class=\"elementor-element elementor-element-cad8258 e-con-full e-flex e-con e-child\" data-id=\"cad8258\" data-element_type=\"container\" data-e-type=\"container\">\n\t\t\t\t<div class=\"elementor-element elementor-element-c6ca57e elementor-widget elementor-widget-image\" data-id=\"c6ca57e\" data-element_type=\"widget\" data-e-type=\"widget\" data-widget_type=\"image.default\">\n\t\t\t\t<div class=\"elementor-widget-container\">\n\t\t\t\t\t\t\t\t\t\t\t\t\t\t\t<img decoding=\"async\" width=\"800\" height=\"534\" src=\"https:\/\/embalajeschaver.com\/wp-content\/uploads\/2023\/10\/folding-a-package-1024x683.jpg\" class=\"attachment-large size-large wp-image-124\" alt=\"Folding a Package\" srcset=\"https:\/\/embalajeschaver.com\/wp-content\/uploads\/2023\/10\/folding-a-package-1024x683.jpg 1024w, https:\/\/embalajeschaver.com\/wp-content\/uploads\/2023\/10\/folding-a-package-300x200.jpg 300w, https:\/\/embalajeschaver.com\/wp-content\/uploads\/2023\/10\/folding-a-package-768x512.jpg 768w, https:\/\/embalajeschaver.com\/wp-content\/uploads\/2023\/10\/folding-a-package-1536x1024.jpg 1536w, https:\/\/embalajeschaver.com\/wp-content\/uploads\/2023\/10\/folding-a-package-2048x1365.jpg 2048w, https:\/\/embalajeschaver.com\/wp-content\/uploads\/2023\/10\/folding-a-package-18x12.jpg 18w\" sizes=\"(max-width: 800px) 100vw, 800px\" \/>\t\t\t\t\t\t\t\t\t\t\t\t\t\t\t<\/div>\n\t\t\t\t<\/div>\n\t\t\t\t<\/div>\n\t\t\t\t\t<\/div>\n\t\t\t\t<\/div>\n\t\t<div class=\"elementor-element elementor-element-7c040c0 e-flex e-con-boxed e-con e-parent\" data-id=\"7c040c0\" data-element_type=\"container\" data-e-type=\"container\">\n\t\t\t\t\t<div class=\"e-con-inner\">\n\t\t<div class=\"elementor-element elementor-element-4dc4f47 e-con-full e-flex e-con e-child\" data-id=\"4dc4f47\" data-element_type=\"container\" data-e-type=\"container\">\n\t\t\t\t<div class=\"elementor-element elementor-element-c7df69e elementor-widget elementor-widget-heading\" data-id=\"c7df69e\" data-element_type=\"widget\" data-e-type=\"widget\" data-widget_type=\"heading.default\">\n\t\t\t\t<div class=\"elementor-widget-container\">\n\t\t\t\t\t<h2 class=\"elementor-heading-title elementor-size-default\">Recirculaci\u00f3n de embalajes<\/h2>\t\t\t\t<\/div>\n\t\t\t\t<\/div>\n\t\t\t\t<div class=\"elementor-element elementor-element-ee1ab20 elementor-widget elementor-widget-text-editor\" data-id=\"ee1ab20\" data-element_type=\"widget\" data-e-type=\"widget\" data-widget_type=\"text-editor.default\">\n\t\t\t\t<div class=\"elementor-widget-container\">\n\t\t\t\t\t\t\t\t\t<p>La recirculaci\u00f3n de embalajes es un concepto cada vez m\u00e1s importante en la industria de los envases. Se refiere a la utilizaci\u00f3n de los envases de forma circular, es decir, utilizando embalajes una y otra vez. Esto reduce el impacto ambiental de los envases y promueve una econom\u00eda m\u00e1s sostenible.<\/p>\t\t\t\t\t\t\t\t<\/div>\n\t\t\t\t<\/div>\n\t\t\t\t<\/div>\n\t\t<div class=\"elementor-element elementor-element-09acbb9 e-con-full e-flex e-con e-child\" data-id=\"09acbb9\" data-element_type=\"container\" data-e-type=\"container\">\n\t\t\t\t<div class=\"elementor-element elementor-element-9b6bbaf elementor-widget elementor-widget-image\" data-id=\"9b6bbaf\" data-element_type=\"widget\" data-e-type=\"widget\" data-widget_type=\"image.default\">\n\t\t\t\t<div class=\"elementor-widget-container\">\n\t\t\t\t\t\t\t\t\t\t\t\t\t\t\t<img decoding=\"async\" width=\"800\" height=\"534\" src=\"https:\/\/embalajeschaver.com\/wp-content\/uploads\/2023\/10\/bookshelf-made-of-pallets-1024x683.jpg\" class=\"attachment-large size-large wp-image-146\" alt=\"Bookshelf made of pallets\" srcset=\"https:\/\/embalajeschaver.com\/wp-content\/uploads\/2023\/10\/bookshelf-made-of-pallets-1024x683.jpg 1024w, https:\/\/embalajeschaver.com\/wp-content\/uploads\/2023\/10\/bookshelf-made-of-pallets-300x200.jpg 300w, https:\/\/embalajeschaver.com\/wp-content\/uploads\/2023\/10\/bookshelf-made-of-pallets-768x512.jpg 768w, https:\/\/embalajeschaver.com\/wp-content\/uploads\/2023\/10\/bookshelf-made-of-pallets-1536x1024.jpg 1536w, https:\/\/embalajeschaver.com\/wp-content\/uploads\/2023\/10\/bookshelf-made-of-pallets-2048x1365.jpg 2048w, https:\/\/embalajeschaver.com\/wp-content\/uploads\/2023\/10\/bookshelf-made-of-pallets-18x12.jpg 18w\" sizes=\"(max-width: 800px) 100vw, 800px\" \/>\t\t\t\t\t\t\t\t\t\t\t\t\t\t\t<\/div>\n\t\t\t\t<\/div>\n\t\t\t\t<\/div>\n\t\t\t\t\t<\/div>\n\t\t\t\t<\/div>\n\t\t\t\t<section class=\"elementor-section elementor-top-section elementor-element elementor-element-c458456 elementor-section-boxed elementor-section-height-default elementor-section-height-default\" data-id=\"c458456\" data-element_type=\"section\" data-e-type=\"section\" data-settings=\"{&quot;background_background&quot;:&quot;classic&quot;}\">\n\t\t\t\t\t\t\t<div class=\"elementor-background-overlay\"><\/div>\n\t\t\t\t\t\t\t<div class=\"elementor-container elementor-column-gap-no\">\n\t\t\t\t\t<div class=\"elementor-column elementor-col-100 elementor-top-column elementor-element elementor-element-d94407e\" data-id=\"d94407e\" data-element_type=\"column\" data-e-type=\"column\">\n\t\t\t<div class=\"elementor-widget-wrap elementor-element-populated\">\n\t\t\t\t\t\t<div class=\"elementor-element elementor-element-0f62842 elementor-widget__width-initial elementor-widget-mobile__width-initial elementor-widget elementor-widget-text-editor\" data-id=\"0f62842\" data-element_type=\"widget\" data-e-type=\"widget\" data-widget_type=\"text-editor.default\">\n\t\t\t\t<div class=\"elementor-widget-container\">\n\t\t\t\t\t\t\t\t\t<p>EN CHAVER DAMOS SEGUNDAS OPORTUNIDADES<\/p>\t\t\t\t\t\t\t\t<\/div>\n\t\t\t\t<\/div>\n\t\t\t\t<div class=\"elementor-element elementor-element-b14d66c elementor-widget-divider--view-line elementor-widget elementor-widget-divider\" data-id=\"b14d66c\" data-element_type=\"widget\" data-e-type=\"widget\" data-widget_type=\"divider.default\">\n\t\t\t\t<div class=\"elementor-widget-container\">\n\t\t\t\t\t\t\t<div class=\"elementor-divider\">\n\t\t\t<span class=\"elementor-divider-separator\">\n\t\t\t\t\t\t<\/span>\n\t\t<\/div>\n\t\t\t\t\t\t<\/div>\n\t\t\t\t<\/div>\n\t\t\t\t<div class=\"elementor-element elementor-element-08e6e36 elementor-mobile-align-justify elementor-widget-mobile__width-inherit elementor-widget__width-initial elementor-tablet-align-left elementor-widget-tablet__width-initial elementor-absolute elementor-widget elementor-widget-button\" data-id=\"08e6e36\" data-element_type=\"widget\" data-e-type=\"widget\" data-settings=\"{&quot;_position&quot;:&quot;absolute&quot;}\" data-widget_type=\"button.default\">\n\t\t\t\t<div class=\"elementor-widget-container\">\n\t\t\t\t\t\t\t\t\t<div class=\"elementor-button-wrapper\">\n\t\t\t\t\t<a class=\"elementor-button elementor-button-link elementor-size-xs elementor-animation-float\" href=\"https:\/\/embalajeschaver.com\/index.php\/contacto\/?preview_id=17&#038;preview_nonce=952bc84345&#038;preview=true\">\n\t\t\t\t\t\t<span class=\"elementor-button-content-wrapper\">\n\t\t\t\t\t\t\t\t\t<span class=\"elementor-button-text\">Jarri gurekin kontaktuan<\/span>\n\t\t\t\t\t<\/span>\n\t\t\t\t\t<\/a>\n\t\t\t\t<\/div>\n\t\t\t\t\t\t\t\t<\/div>\n\t\t\t\t<\/div>\n\t\t\t\t\t<\/div>\n\t\t<\/div>\n\t\t\t\t\t<\/div>\n\t\t<\/section>\n\t\t\t\t<\/div>","protected":false},"excerpt":{"rendered":"<p>CHAVER NUESTROS SERVICIOS Reparaci\u00f3n de embalajes La reparaci\u00f3n de los embalajes puede ahorrar a la empresa tiempo y dinero al no tener que reemplazarlos constantemente. La reparaci\u00f3n generalmente implica el reemplazo de piezas da\u00f1adas o rotas, el refuerzo de las \u00e1reas d\u00e9biles y el sellado de rajaduras o grietas. Recuperaci\u00f3n de embalajes La recuperaci\u00f3n de [&hellip;]<\/p>\n","protected":false},"author":1,"featured_media":0,"parent":0,"menu_order":0,"comment_status":"closed","ping_status":"closed","template":"elementor_canvas","meta":{"footnotes":""},"class_list":["post-16","page","type-page","status-publish","hentry"],"yoast_head":"<!-- This site is optimized with the Yoast SEO plugin v27.4 - https:\/\/yoast.com\/product\/yoast-seo-wordpress\/ -->\n<title>Servicios - Embalajes Chaver<\/title>\n<meta name=\"robots\" content=\"index, follow, max-snippet:-1, max-image-preview:large, max-video-preview:-1\" \/>\n<link rel=\"canonical\" href=\"https:\/\/embalajeschaver.com\/eu\/servicios\/\" \/>\n<meta property=\"og:locale\" content=\"en_US\" \/>\n<meta property=\"og:type\" content=\"article\" \/>\n<meta property=\"og:title\" content=\"Servicios - Embalajes Chaver\" \/>\n<meta property=\"og:description\" content=\"CHAVER NUESTROS SERVICIOS Reparaci\u00f3n de embalajes La reparaci\u00f3n de los embalajes puede ahorrar a la empresa tiempo y dinero al no tener que reemplazarlos constantemente. La reparaci\u00f3n generalmente implica el reemplazo de piezas da\u00f1adas o rotas, el refuerzo de las \u00e1reas d\u00e9biles y el sellado de rajaduras o grietas. Recuperaci\u00f3n de embalajes La recuperaci\u00f3n de [&hellip;]\" \/>\n<meta property=\"og:url\" content=\"https:\/\/embalajeschaver.com\/eu\/servicios\/\" \/>\n<meta property=\"og:site_name\" content=\"Embalajes Chaver\" \/>\n<meta property=\"article:modified_time\" content=\"2023-10-24T11:16:07+00:00\" \/>\n<meta property=\"og:image\" content=\"https:\/\/embalajeschaver.com\/wp-content\/uploads\/2023\/10\/woman-reparing-with-a-dog-in-the-workshop-1024x683.jpg\" \/>\n<meta name=\"twitter:card\" content=\"summary_large_image\" \/>\n<meta name=\"twitter:label1\" content=\"Est. reading time\" \/>\n\t<meta name=\"twitter:data1\" content=\"2 minutua\" \/>\n<script type=\"application\/ld+json\" class=\"yoast-schema-graph\">{\"@context\":\"https:\\\/\\\/schema.org\",\"@graph\":[{\"@type\":\"WebPage\",\"@id\":\"https:\\\/\\\/embalajeschaver.com\\\/servicios\\\/\",\"url\":\"https:\\\/\\\/embalajeschaver.com\\\/servicios\\\/\",\"name\":\"Servicios - Embalajes Chaver\",\"isPartOf\":{\"@id\":\"https:\\\/\\\/embalajeschaver.com\\\/#website\"},\"primaryImageOfPage\":{\"@id\":\"https:\\\/\\\/embalajeschaver.com\\\/servicios\\\/#primaryimage\"},\"image\":{\"@id\":\"https:\\\/\\\/embalajeschaver.com\\\/servicios\\\/#primaryimage\"},\"thumbnailUrl\":\"https:\\\/\\\/embalajeschaver.com\\\/wp-content\\\/uploads\\\/2023\\\/10\\\/woman-reparing-with-a-dog-in-the-workshop-1024x683.jpg\",\"datePublished\":\"2023-10-17T10:56:44+00:00\",\"dateModified\":\"2023-10-24T11:16:07+00:00\",\"breadcrumb\":{\"@id\":\"https:\\\/\\\/embalajeschaver.com\\\/servicios\\\/#breadcrumb\"},\"inLanguage\":\"eu\",\"potentialAction\":[{\"@type\":\"ReadAction\",\"target\":[\"https:\\\/\\\/embalajeschaver.com\\\/servicios\\\/\"]}]},{\"@type\":\"ImageObject\",\"inLanguage\":\"eu\",\"@id\":\"https:\\\/\\\/embalajeschaver.com\\\/servicios\\\/#primaryimage\",\"url\":\"https:\\\/\\\/embalajeschaver.com\\\/wp-content\\\/uploads\\\/2023\\\/10\\\/woman-reparing-with-a-dog-in-the-workshop-1024x683.jpg\",\"contentUrl\":\"https:\\\/\\\/embalajeschaver.com\\\/wp-content\\\/uploads\\\/2023\\\/10\\\/woman-reparing-with-a-dog-in-the-workshop-1024x683.jpg\"},{\"@type\":\"BreadcrumbList\",\"@id\":\"https:\\\/\\\/embalajeschaver.com\\\/servicios\\\/#breadcrumb\",\"itemListElement\":[{\"@type\":\"ListItem\",\"position\":1,\"name\":\"Portada\",\"item\":\"https:\\\/\\\/embalajeschaver.com\\\/\"},{\"@type\":\"ListItem\",\"position\":2,\"name\":\"Servicios\"}]},{\"@type\":\"WebSite\",\"@id\":\"https:\\\/\\\/embalajeschaver.com\\\/#website\",\"url\":\"https:\\\/\\\/embalajeschaver.com\\\/\",\"name\":\"Embalajes Chaver\",\"description\":\"Recuperaci\u00f3n y venta  de palets y arreglos de los mismos .\",\"potentialAction\":[{\"@type\":\"SearchAction\",\"target\":{\"@type\":\"EntryPoint\",\"urlTemplate\":\"https:\\\/\\\/embalajeschaver.com\\\/?s={search_term_string}\"},\"query-input\":{\"@type\":\"PropertyValueSpecification\",\"valueRequired\":true,\"valueName\":\"search_term_string\"}}],\"inLanguage\":\"eu\"}]}<\/script>\n<!-- \/ Yoast SEO plugin. -->","yoast_head_json":{"title":"Servicios - Embalajes Chaver","robots":{"index":"index","follow":"follow","max-snippet":"max-snippet:-1","max-image-preview":"max-image-preview:large","max-video-preview":"max-video-preview:-1"},"canonical":"https:\/\/embalajeschaver.com\/eu\/servicios\/","og_locale":"en_US","og_type":"article","og_title":"Servicios - Embalajes Chaver","og_description":"CHAVER NUESTROS SERVICIOS Reparaci\u00f3n de embalajes La reparaci\u00f3n de los embalajes puede ahorrar a la empresa tiempo y dinero al no tener que reemplazarlos constantemente. La reparaci\u00f3n generalmente implica el reemplazo de piezas da\u00f1adas o rotas, el refuerzo de las \u00e1reas d\u00e9biles y el sellado de rajaduras o grietas. Recuperaci\u00f3n de embalajes La recuperaci\u00f3n de [&hellip;]","og_url":"https:\/\/embalajeschaver.com\/eu\/servicios\/","og_site_name":"Embalajes Chaver","article_modified_time":"2023-10-24T11:16:07+00:00","og_image":[{"url":"https:\/\/embalajeschaver.com\/wp-content\/uploads\/2023\/10\/woman-reparing-with-a-dog-in-the-workshop-1024x683.jpg","type":"","width":"","height":""}],"twitter_card":"summary_large_image","twitter_misc":{"Est. reading time":"2 minutua"},"schema":{"@context":"https:\/\/schema.org","@graph":[{"@type":"WebPage","@id":"https:\/\/embalajeschaver.com\/servicios\/","url":"https:\/\/embalajeschaver.com\/servicios\/","name":"Servicios - Embalajes Chaver","isPartOf":{"@id":"https:\/\/embalajeschaver.com\/#website"},"primaryImageOfPage":{"@id":"https:\/\/embalajeschaver.com\/servicios\/#primaryimage"},"image":{"@id":"https:\/\/embalajeschaver.com\/servicios\/#primaryimage"},"thumbnailUrl":"https:\/\/embalajeschaver.com\/wp-content\/uploads\/2023\/10\/woman-reparing-with-a-dog-in-the-workshop-1024x683.jpg","datePublished":"2023-10-17T10:56:44+00:00","dateModified":"2023-10-24T11:16:07+00:00","breadcrumb":{"@id":"https:\/\/embalajeschaver.com\/servicios\/#breadcrumb"},"inLanguage":"eu","potentialAction":[{"@type":"ReadAction","target":["https:\/\/embalajeschaver.com\/servicios\/"]}]},{"@type":"ImageObject","inLanguage":"eu","@id":"https:\/\/embalajeschaver.com\/servicios\/#primaryimage","url":"https:\/\/embalajeschaver.com\/wp-content\/uploads\/2023\/10\/woman-reparing-with-a-dog-in-the-workshop-1024x683.jpg","contentUrl":"https:\/\/embalajeschaver.com\/wp-content\/uploads\/2023\/10\/woman-reparing-with-a-dog-in-the-workshop-1024x683.jpg"},{"@type":"BreadcrumbList","@id":"https:\/\/embalajeschaver.com\/servicios\/#breadcrumb","itemListElement":[{"@type":"ListItem","position":1,"name":"Portada","item":"https:\/\/embalajeschaver.com\/"},{"@type":"ListItem","position":2,"name":"Servicios"}]},{"@type":"WebSite","@id":"https:\/\/embalajeschaver.com\/#website","url":"https:\/\/embalajeschaver.com\/","name":"Embalajes Chaver","description":"Recuperaci\u00f3n y venta  de palets y arreglos de los mismos .","potentialAction":[{"@type":"SearchAction","target":{"@type":"EntryPoint","urlTemplate":"https:\/\/embalajeschaver.com\/?s={search_term_string}"},"query-input":{"@type":"PropertyValueSpecification","valueRequired":true,"valueName":"search_term_string"}}],"inLanguage":"eu"}]}},"_links":{"self":[{"href":"https:\/\/embalajeschaver.com\/eu\/wp-json\/wp\/v2\/pages\/16","targetHints":{"allow":["GET"]}}],"collection":[{"href":"https:\/\/embalajeschaver.com\/eu\/wp-json\/wp\/v2\/pages"}],"about":[{"href":"https:\/\/embalajeschaver.com\/eu\/wp-json\/wp\/v2\/types\/page"}],"author":[{"embeddable":true,"href":"https:\/\/embalajeschaver.com\/eu\/wp-json\/wp\/v2\/users\/1"}],"replies":[{"embeddable":true,"href":"https:\/\/embalajeschaver.com\/eu\/wp-json\/wp\/v2\/comments?post=16"}],"version-history":[{"count":167,"href":"https:\/\/embalajeschaver.com\/eu\/wp-json\/wp\/v2\/pages\/16\/revisions"}],"predecessor-version":[{"id":677,"href":"https:\/\/embalajeschaver.com\/eu\/wp-json\/wp\/v2\/pages\/16\/revisions\/677"}],"wp:attachment":[{"href":"https:\/\/embalajeschaver.com\/eu\/wp-json\/wp\/v2\/media?parent=16"}],"curies":[{"name":"wp","href":"https:\/\/api.w.org\/{rel}","templated":true}]}}